{"id":339,"date":"2020-08-13T13:43:24","date_gmt":"2020-08-13T10:43:24","guid":{"rendered":"https:\/\/www.markbyggnad.fi\/sjoberg\/plastsvetsningar\/"},"modified":"2020-08-28T14:27:04","modified_gmt":"2020-08-28T11:27:04","slug":"muovihitsaus","status":"publish","type":"page","link":"https:\/\/www.markbyggnad.fi\/fi\/muovihitsaus\/","title":{"rendered":"Muovihitsaus"},"content":{"rendered":"<style>#kt-layout-id_10ce6c-61{margin-bottom:0px;}#kt-layout-id_10ce6c-61 > .kt-row-column-wrap{align-content:start;}:where(#kt-layout-id_10ce6c-61 > .kt-row-column-wrap) > .wp-block-kadence-column{justify-content:start;}#kt-layout-id_10ce6c-61 > .kt-row-column-wrap{column-gap:var(--global-kb-gap-lg, 4rem);row-gap:var(--global-kb-gap-none, 0rem );padding-top:var( --global-kb-row-default-top, 25px );padding-bottom:var( --global-kb-row-default-bottom, 25px );padding-top:0px;padding-bottom:0px;padding-left:0px;padding-right:0px;grid-template-columns:repeat(2, minmax(0, 1fr));}#kt-layout-id_10ce6c-61 > .kt-row-layout-overlay{opacity:0.30;}@media all and (max-width: 1024px){#kt-layout-id_10ce6c-61 > .kt-row-column-wrap{grid-template-columns:repeat(2, minmax(0, 1fr));}}@media all and (max-width: 767px){#kt-layout-id_10ce6c-61 > .kt-row-column-wrap{grid-template-columns:minmax(0, 1fr);}}<\/style>\n<div class=\"wp-block-kadence-rowlayout alignnone\"><div id=\"kt-layout-id_10ce6c-61\" class=\"kt-row-layout-inner kt-layout-id_10ce6c-61\"><div class=\"kt-row-column-wrap kt-has-2-columns kt-gutter-wider kt-v-gutter-none kt-row-valign-top kt-row-layout-equal kt-tab-layout-inherit kt-m-colapse-left-to-right kt-mobile-layout-row\"><style>.kadence-column_adf8c0-a2 > .kt-inside-inner-col{border-top-width:0px;border-right-width:0px;border-bottom-width:0px;border-left-width:0px;}.kadence-column_adf8c0-a2 > .kt-inside-inner-col,.kadence-column_adf8c0-a2 > .kt-inside-inner-col:before{border-top-left-radius:0px;border-top-right-radius:0px;border-bottom-right-radius:0px;border-bottom-left-radius:0px;}.kadence-column_adf8c0-a2 > .kt-inside-inner-col{column-gap:var(--global-kb-gap-sm, 1rem);}.kadence-column_adf8c0-a2 > .kt-inside-inner-col{flex-direction:column;}.kadence-column_adf8c0-a2 > .kt-inside-inner-col > .aligncenter{width:100%;}.kadence-column_adf8c0-a2 > .kt-inside-inner-col:before{opacity:0.3;}.kadence-column_adf8c0-a2{position:relative;}@media all and (max-width: 1024px){.kadence-column_adf8c0-a2 > .kt-inside-inner-col{flex-direction:column;justify-content:center;}}@media all and (max-width: 767px){.kadence-column_adf8c0-a2 > .kt-inside-inner-col{flex-direction:column;justify-content:center;}}<\/style>\n<div class=\"wp-block-kadence-column inner-column-1 kadence-column_adf8c0-a2\"><div class=\"kt-inside-inner-col\">\n<p>Muovihitsaus on erikoisuutemme. Meill\u00e4 on muovihitsauksen sertifiointi ja yli 10 vuoden kokemus erikoishitsauksista eri hankkeista. Meill\u00e4 on valmiudet erikokoisille julkisille ja teollisille hankkeille. My\u00f6s yksityishenkil\u00f6t ja pk-yritykset luottavat meihin.<\/p>\n<\/div><\/div>\n\n\n<style>.kadence-column_bf91cb-cb > .kt-inside-inner-col{border-top-width:0px;border-right-width:0px;border-bottom-width:0px;border-left-width:0px;}.kadence-column_bf91cb-cb > .kt-inside-inner-col,.kadence-column_bf91cb-cb > .kt-inside-inner-col:before{border-top-left-radius:0px;border-top-right-radius:0px;border-bottom-right-radius:0px;border-bottom-left-radius:0px;}.kadence-column_bf91cb-cb > .kt-inside-inner-col{column-gap:var(--global-kb-gap-sm, 1rem);}.kadence-column_bf91cb-cb > .kt-inside-inner-col{flex-direction:column;}.kadence-column_bf91cb-cb > .kt-inside-inner-col > .aligncenter{width:100%;}.kadence-column_bf91cb-cb > .kt-inside-inner-col:before{opacity:0.3;}.kadence-column_bf91cb-cb{position:relative;}@media all and (max-width: 1024px){.kadence-column_bf91cb-cb > .kt-inside-inner-col{flex-direction:column;justify-content:center;}}@media all and (max-width: 767px){.kadence-column_bf91cb-cb > .kt-inside-inner-col{flex-direction:column;justify-content:center;}}<\/style>\n<div class=\"wp-block-kadence-column inner-column-2 kadence-column_bf91cb-cb\"><div class=\"kt-inside-inner-col\"><style>.wp-block-kadence-iconlist.kt-svg-icon-list-items_bba2db-d1:not(.this-stops-third-party-issues){margin-top:0px;margin-bottom:0px;}.wp-block-kadence-iconlist.kt-svg-icon-list-items_bba2db-d1 ul.kt-svg-icon-list:not(.this-prevents-issues):not(.this-stops-third-party-issues):not(.tijsloc){margin-top:0px;margin-right:0px;margin-bottom:var(--global-kb-spacing-sm, 1.5rem);margin-left:0px;}.wp-block-kadence-iconlist.kt-svg-icon-list-items_bba2db-d1 ul.kt-svg-icon-list{grid-row-gap:5px;}.wp-block-kadence-iconlist.kt-svg-icon-list-items_bba2db-d1 ul.kt-svg-icon-list .kt-svg-icon-list-item-wrap .kt-svg-icon-list-single{margin-right:10px;}.kt-svg-icon-list-items_bba2db-d1 ul.kt-svg-icon-list .kt-svg-icon-list-level-0 .kt-svg-icon-list-single svg{font-size:20px;}.kt-svg-icon-list-items_bba2db-d1 ul.kt-svg-icon-list .kt-svg-icon-list-level-1 .kt-svg-icon-list-single svg{font-size:20px;}.kt-svg-icon-list-items_bba2db-d1 ul.kt-svg-icon-list .kt-svg-icon-list-level-2 .kt-svg-icon-list-single svg{font-size:20px;}<\/style>\n<div class=\"wp-block-kadence-iconlist kt-svg-icon-list-items kt-svg-icon-list-items_bba2db-d1 kt-svg-icon-list-columns-1 alignnone\"><ul class=\"kt-svg-icon-list\"><li class=\"kt-svg-icon-list-style-default kt-svg-icon-list-item-wrap kt-svg-icon-list-item-0\"><div style=\"display:inline-flex;justify-content:center;align-items:center\" class=\"kt-svg-icon-list-single kt-svg-icon-list-single-fe_disc\"><svg style=\"display:inline-block;vertical-align:middle\" viewbox=\"0 0 24 24\" height=\"20\" width=\"20\" fill=\"none\" stroke=\"currentColor\" xmlns=\"http:\/\/www.w3.org\/2000\/svg\" stroke-width=\"2\" stroke-linecap=\"round\" stroke-linejoin=\"round\"><circle cx=\"12\" cy=\"12\" r=\"10\"><\/circle><circle cx=\"12\" cy=\"12\" r=\"3\"><\/circle><\/svg><\/div><span class=\"kt-svg-icon-list-text\">Paineputkien muovihitsaukset<\/span><\/li><li class=\"kt-svg-icon-list-style-default kt-svg-icon-list-item-wrap kt-svg-icon-list-item-1\"><div style=\"display:inline-flex;justify-content:center;align-items:center\" class=\"kt-svg-icon-list-single kt-svg-icon-list-single-fe_disc\"><svg style=\"display:inline-block;vertical-align:middle\" viewbox=\"0 0 24 24\" height=\"20\" width=\"20\" fill=\"none\" stroke=\"currentColor\" xmlns=\"http:\/\/www.w3.org\/2000\/svg\" stroke-width=\"2\" stroke-linecap=\"round\" stroke-linejoin=\"round\"><circle cx=\"12\" cy=\"12\" r=\"10\"><\/circle><circle cx=\"12\" cy=\"12\" r=\"3\"><\/circle><\/svg><\/div><span class=\"kt-svg-icon-list-text\">Muovisten kaasuputkien hitsaukset<\/span><\/li><li class=\"kt-svg-icon-list-style-default kt-svg-icon-list-item-wrap kt-svg-icon-list-item-2\"><div style=\"display:inline-flex;justify-content:center;align-items:center\" class=\"kt-svg-icon-list-single kt-svg-icon-list-single-fe_disc\"><svg style=\"display:inline-block;vertical-align:middle\" viewbox=\"0 0 24 24\" height=\"20\" width=\"20\" fill=\"none\" stroke=\"currentColor\" xmlns=\"http:\/\/www.w3.org\/2000\/svg\" stroke-width=\"2\" stroke-linecap=\"round\" stroke-linejoin=\"round\"><circle cx=\"12\" cy=\"12\" r=\"10\"><\/circle><circle cx=\"12\" cy=\"12\" r=\"3\"><\/circle><\/svg><\/div><span class=\"kt-svg-icon-list-text\">Extruderhitsaukset<\/span><\/li><\/ul><\/div>\n<\/div><\/div>\n<\/div><\/div><\/div>\n","protected":false},"excerpt":{"rendered":"<p>Muovihitsaus on erikoisuutemme. Meill\u00e4 on muovihitsauksen sertifiointi ja yli 10 vuoden kokemus erikoishitsauksista eri hankkeista. Meill\u00e4 on valmiudet erikokoisille julkisille ja teollisille hankkeille. My\u00f6s yksityishenkil\u00f6t ja pk-yritykset luottavat meihin.<\/p>\n","protected":false},"author":1,"featured_media":0,"parent":0,"menu_order":0,"comment_status":"closed","ping_status":"closed","template":"","meta":{"_uag_custom_page_level_css":"","_kad_blocks_custom_css":"","_kad_blocks_head_custom_js":"","_kad_blocks_body_custom_js":"","_kad_blocks_footer_custom_js":"","footnotes":""},"class_list":{"0":"post-339","1":"page","2":"type-page","3":"status-publish","5":"infinite-scroll-item","6":"no-featured-image-padding"},"taxonomy_info":[],"featured_image_src_large":false,"author_info":{"display_name":"Webmaster","author_link":"https:\/\/www.markbyggnad.fi\/fi\/author\/mrmedia\/"},"comment_info":0,"uagb_featured_image_src":{"full":false,"thumbnail":false,"medium":false,"medium_large":false,"large":false,"1536x1536":false,"2048x2048":false},"uagb_author_info":{"display_name":"Webmaster","author_link":"https:\/\/www.markbyggnad.fi\/fi\/author\/mrmedia\/"},"uagb_comment_info":0,"uagb_excerpt":"Muovihitsaus on erikoisuutemme. Meill\u00e4 on muovihitsauksen sertifiointi ja yli 10 vuoden kokemus erikoishitsauksista eri hankkeista. Meill\u00e4 on valmiudet erikokoisille julkisille ja teollisille hankkeille. My\u00f6s yksityishenkil\u00f6t ja pk-yritykset luottavat meihin.","_links":{"self":[{"href":"https:\/\/www.markbyggnad.fi\/fi\/wp-json\/wp\/v2\/pages\/339","targetHints":{"allow":["GET"]}}],"collection":[{"href":"https:\/\/www.markbyggnad.fi\/fi\/wp-json\/wp\/v2\/pages"}],"about":[{"href":"https:\/\/www.markbyggnad.fi\/fi\/wp-json\/wp\/v2\/types\/page"}],"author":[{"embeddable":true,"href":"https:\/\/www.markbyggnad.fi\/fi\/wp-json\/wp\/v2\/users\/1"}],"replies":[{"embeddable":true,"href":"https:\/\/www.markbyggnad.fi\/fi\/wp-json\/wp\/v2\/comments?post=339"}],"version-history":[{"count":3,"href":"https:\/\/www.markbyggnad.fi\/fi\/wp-json\/wp\/v2\/pages\/339\/revisions"}],"predecessor-version":[{"id":425,"href":"https:\/\/www.markbyggnad.fi\/fi\/wp-json\/wp\/v2\/pages\/339\/revisions\/425"}],"wp:attachment":[{"href":"https:\/\/www.markbyggnad.fi\/fi\/wp-json\/wp\/v2\/media?parent=339"}],"curies":[{"name":"wp","href":"https:\/\/api.w.org\/{rel}","templated":true}]}}